{"id":961,"date":"2018-12-07T15:46:08","date_gmt":"2018-12-07T14:46:08","guid":{"rendered":"http:\/\/alexiskaracostas.fr\/?page_id=961"},"modified":"2018-12-12T17:39:44","modified_gmt":"2018-12-12T16:39:44","slug":"surdite-et-langue-des-signes-2","status":"publish","type":"page","link":"https:\/\/alexiskaracostas.fr\/","title":{"rendered":"Surdit\u00e9 et langue des signes"},"content":{"rendered":"<h2><\/h2>\n<h2 style=\"text-align: justify;\"><strong><em>\u00ab La surdit\u00e9 est-elle passible d\u2019une analyse, d\u2019un examen objectif, d\u2019un discours savant, d\u2019un discours scientifique ou n\u2019est-elle appr\u00e9hendable que sous le mode du th\u00e9\u00e2tre, du r\u00e9cit ou du v\u00e9cu ?\u2026 Peut-\u00eatre est-ce aussi d\u2019ailleurs l\u2019une des raisons pour lesquelles il est si difficile de parler de surdit\u00e9 et qu\u2019aussi rapidement ce soit sur les fa\u00e7ons d\u2019en venir \u00e0 bout qu\u2019on se pr\u00e9cipite. \u00bb <\/em><\/strong><\/h2>\n<h5 style=\"text-align: justify;\"><strong>Bernard Mottez, 1994, <em>L\u2019exp\u00e9rience de la surdit\u00e9<\/em>, document annexe pour le s\u00e9minaire interne du CEMS du 3 f\u00e9vrier 1994, in\u00e9dit.<\/strong><\/h5>\n<h2><\/h2>\n<h2 style=\"text-align: justify;\"><strong>Ce site regroupe des articles, des conf\u00e9rences et des documents que j\u2019ai pu pr\u00e9senter depuis 1981 sur la surdit\u00e9 et la surdic\u00e9cit\u00e9 et qui retracent mon parcours entre vie militante et vie professionnelle aux c\u00f4t\u00e9s de la communaut\u00e9 sourde. J\u2019ai pens\u00e9 publier ces documents parce qu\u2019ils me paraissaient fournir quelques rep\u00e8res sur l\u2019\u00e9volution du mode de vie des sourds et sourdaveugles et des relations entre sourds et entendants depuis le dernier quart du 20<sup>e<\/sup> si\u00e8cle. \u00c0 travers cette contribution, j\u2019esp\u00e8re ne pas m\u2019\u00eatre \u00e9cart\u00e9 de l\u2019esprit de cette remarque de Bernard Mottez qui r\u00e9sume si bien son approche de la question\u00a0et que j\u2019ai toujours souhait\u00e9 faire mienne : donner la primaut\u00e9 \u00e0 la relation plut\u00f4t qu\u2019\u00e0 la chose.<\/strong><\/h2>\n<h2 style=\"text-align: justify;\"><\/h2>\n<h2 style=\"text-align: right;\"><strong>Alexis Karacostas<\/strong><\/h2>\n","protected":false},"excerpt":{"rendered":"<p>\u00ab La surdit\u00e9 est-elle passible d\u2019une analyse, d\u2019un examen objectif, d\u2019un discours savant, d\u2019un discours scientifique ou n\u2019est-elle appr\u00e9hendable que sous le mode du th\u00e9\u00e2tre, du r\u00e9cit ou du v\u00e9cu ?\u2026 Peut-\u00eatre est-ce aussi d\u2019ailleurs l\u2019une des raisons pour lesquelles il est si difficile de parler de surdit\u00e9 et qu\u2019aussi rapidement ce soit sur les [&hellip;]<\/p>\n","protected":false},"author":1,"featured_media":0,"parent":0,"menu_order":0,"comment_status":"closed","ping_status":"closed","template":"","meta":{"footnotes":""},"class_list":["post-961","page","type-page","status-publish","hentry"],"_links":{"self":[{"href":"https:\/\/alexiskaracostas.fr\/index.php?rest_route=\/wp\/v2\/pages\/961","targetHints":{"allow":["GET"]}}],"collection":[{"href":"https:\/\/alexiskaracostas.fr\/index.php?rest_route=\/wp\/v2\/pages"}],"about":[{"href":"https:\/\/alexiskaracostas.fr\/index.php?rest_route=\/wp\/v2\/types\/page"}],"author":[{"embeddable":true,"href":"https:\/\/alexiskaracostas.fr\/index.php?rest_route=\/wp\/v2\/users\/1"}],"replies":[{"embeddable":true,"href":"https:\/\/alexiskaracostas.fr\/index.php?rest_route=%2Fwp%2Fv2%2Fcomments&post=961"}],"version-history":[{"count":4,"href":"https:\/\/alexiskaracostas.fr\/index.php?rest_route=\/wp\/v2\/pages\/961\/revisions"}],"predecessor-version":[{"id":1111,"href":"https:\/\/alexiskaracostas.fr\/index.php?rest_route=\/wp\/v2\/pages\/961\/revisions\/1111"}],"wp:attachment":[{"href":"https:\/\/alexiskaracostas.fr\/index.php?rest_route=%2Fwp%2Fv2%2Fmedia&parent=961"}],"curies":[{"name":"wp","href":"https:\/\/api.w.org\/{rel}","templated":true}]}}