{"id":521,"date":"2018-04-16T17:18:35","date_gmt":"2018-04-16T15:18:35","guid":{"rendered":"http:\/\/alexiskaracostas.fr\/?page_id=521"},"modified":"2019-02-07T16:27:39","modified_gmt":"2019-02-07T15:27:39","slug":"sourds-et-sante-mentale","status":"publish","type":"page","link":"https:\/\/alexiskaracostas.fr\/?page_id=521","title":{"rendered":"Sourds et sant\u00e9 mentale"},"content":{"rendered":"<h1><\/h1>\n<p>&nbsp;<\/p>\n<p>&nbsp;<\/p>\n<h2 style=\"text-align: justify;\"><\/h2>\n<h2 style=\"text-align: justify;\">\u2666 Surdit\u00e9 et lien social : \u00e0 quelles conditions peut-on s\u2019entendre ? (29 avril 2014)<\/h2>\n<h2 style=\"text-align: justify;\">\u2666 Propos sur la sensorialit\u00e9. L\u2019apprentissage pr\u00e9coce de la LSF et ses pr\u00e9requis. (5 novembre 2013)<\/h2>\n<h2 style=\"text-align: justify;\">\u2666 Journ\u00e9e \u00ab\u00a0Sant\u00e9 mentale et surdit\u00e9\u00a0\u00bb (10 mai 2012)<\/h2>\n<h2 style=\"text-align: justify;\">\u2666 Sourds et entendants\u00a0: vers de nouvelles solidarit\u00e9s professionnelles et citoyennes (mai 2011)<\/h2>\n<h2 style=\"text-align: justify;\">\u2666 \u00c0 propos de l\u2019article de Carole Gutman \u00ab\u00a0L&rsquo;interpr\u00e8te en situation psychiatrique\/psychoth\u00e9rapeutique\u00a0\u00bb\u00a0 (juillet 2005)<\/h2>\n<h2 style=\"text-align: justify;\">\u2666\u00a0<span style=\"color: #000000;\">Discours d&rsquo;ouverture du Congr\u00e8s Reach Canada, Ottawa (9 septembre 2004)<\/span><\/h2>\n<h2 style=\"text-align: justify;\"><span style=\"color: #000000;\">\u2666 L\u2019acc\u00e8s des sourds aux soins de sant\u00e9 mentale, Colloque franco-am\u00e9ricain, Paris, (16-18 octobre 1991)<\/span><\/h2>\n","protected":false},"excerpt":{"rendered":"<p>&nbsp; &nbsp; \u2666 Surdit\u00e9 et lien social : \u00e0 quelles conditions peut-on s\u2019entendre ? (29 avril 2014) \u2666 Propos sur la sensorialit\u00e9. L\u2019apprentissage pr\u00e9coce de la LSF et ses pr\u00e9requis. (5 novembre 2013) \u2666 Journ\u00e9e \u00ab\u00a0Sant\u00e9 mentale et surdit\u00e9\u00a0\u00bb (10 mai 2012) \u2666 Sourds et entendants\u00a0: vers de nouvelles solidarit\u00e9s professionnelles et citoyennes (mai 2011) [&hellip;]<\/p>\n","protected":false},"author":1,"featured_media":0,"parent":0,"menu_order":0,"comment_status":"closed","ping_status":"closed","template":"","meta":{"footnotes":""},"class_list":["post-521","page","type-page","status-publish","hentry"],"_links":{"self":[{"href":"https:\/\/alexiskaracostas.fr\/index.php?rest_route=\/wp\/v2\/pages\/521","targetHints":{"allow":["GET"]}}],"collection":[{"href":"https:\/\/alexiskaracostas.fr\/index.php?rest_route=\/wp\/v2\/pages"}],"about":[{"href":"https:\/\/alexiskaracostas.fr\/index.php?rest_route=\/wp\/v2\/types\/page"}],"author":[{"embeddable":true,"href":"https:\/\/alexiskaracostas.fr\/index.php?rest_route=\/wp\/v2\/users\/1"}],"replies":[{"embeddable":true,"href":"https:\/\/alexiskaracostas.fr\/index.php?rest_route=%2Fwp%2Fv2%2Fcomments&post=521"}],"version-history":[{"count":25,"href":"https:\/\/alexiskaracostas.fr\/index.php?rest_route=\/wp\/v2\/pages\/521\/revisions"}],"predecessor-version":[{"id":1327,"href":"https:\/\/alexiskaracostas.fr\/index.php?rest_route=\/wp\/v2\/pages\/521\/revisions\/1327"}],"wp:attachment":[{"href":"https:\/\/alexiskaracostas.fr\/index.php?rest_route=%2Fwp%2Fv2%2Fmedia&parent=521"}],"curies":[{"name":"wp","href":"https:\/\/api.w.org\/{rel}","templated":true}]}}