{"id":321,"date":"2018-04-04T21:47:08","date_gmt":"2018-04-04T19:47:08","guid":{"rendered":"http:\/\/alexiskaracostas.fr\/?page_id=321"},"modified":"2019-02-07T16:27:09","modified_gmt":"2019-02-07T15:27:09","slug":"histoire-des-sourds","status":"publish","type":"page","link":"https:\/\/alexiskaracostas.fr\/?page_id=321","title":{"rendered":"Sourds et histoire"},"content":{"rendered":"<h2><\/h2>\n<p style=\"text-align: justify;\">\n<p style=\"text-align: justify;\">\n<h2 style=\"text-align: justify;\"><span style=\"color: #000000;\">\u2666 L\u2019Institut national de jeunes sourds de Paris (janvier 1991)<\/span><\/h2>\n<h2 style=\"text-align: justify;\"><span style=\"color: #000000;\">\u2666 De l\u2019ombre \u00e0 la lumi\u00e8re\u00a0: les sourds et la R\u00e9volution fran\u00e7aise (d\u00e9cembre 1989)<\/span><\/h2>\n<h2 style=\"text-align: justify;\"><span style=\"color: #000000;\">\u2666 Surdit\u00e9 et \u00e9thique m\u00e9dicale (d\u00e9cembre 1989)<\/span><\/h2>\n<h2 style=\"text-align: justify;\"><span style=\"color: #000000;\">\u2666\u00a0De la surdit\u00e9 comme moyen de pr\u00e9venir les pollutions (avril 1986)<\/span><\/h2>\n<h2 style=\"text-align: justify;\"><span style=\"color: #000000;\">\u2666\u00a0<\/span><span style=\"color: #000000;\">\u00c0 l\u2019enseigne de la plume et de la pens\u00e9e (janvier 1986)<\/span><\/h2>\n<h2 style=\"text-align: justify;\"><span style=\"color: #000000;\">\u2666\u00a0<\/span><span style=\"color: #000000;\">L&rsquo;\u00e9ducation des sourds est-elle un sacerdoce ? (octobre 1985)<\/span><\/h2>\n<h2 style=\"text-align: justify;\"><span style=\"color: #000000;\">\u2666\u00a0<\/span><span style=\"color: #000000;\">On liquide. L&rsquo;Institution de Paris apr\u00e8s les d\u00e9cisions du Congr\u00e8s de Milan. (octobre 1984)<\/span><\/h2>\n<h2 style=\"text-align: justify;\"><span style=\"color: #000000;\">\u2666\u00a0<\/span><span style=\"color: #000000;\">Le parloir (juillet 1984)<\/span><\/h2>\n<h1 style=\"text-align: left;\"><\/h1>\n<h1 style=\"text-align: left;\"><\/h1>\n<h1 style=\"text-align: left;\"><\/h1>\n","protected":false},"excerpt":{"rendered":"<p>\u2666 L\u2019Institut national de jeunes sourds de Paris (janvier 1991) \u2666 De l\u2019ombre \u00e0 la lumi\u00e8re\u00a0: les sourds et la R\u00e9volution fran\u00e7aise (d\u00e9cembre 1989) \u2666 Surdit\u00e9 et \u00e9thique m\u00e9dicale (d\u00e9cembre 1989) \u2666\u00a0De la surdit\u00e9 comme moyen de pr\u00e9venir les pollutions (avril 1986) \u2666\u00a0\u00c0 l\u2019enseigne de la plume et de la pens\u00e9e (janvier 1986) \u2666\u00a0L&rsquo;\u00e9ducation des [&hellip;]<\/p>\n","protected":false},"author":1,"featured_media":0,"parent":0,"menu_order":0,"comment_status":"closed","ping_status":"closed","template":"","meta":{"footnotes":""},"class_list":["post-321","page","type-page","status-publish","hentry"],"_links":{"self":[{"href":"https:\/\/alexiskaracostas.fr\/index.php?rest_route=\/wp\/v2\/pages\/321","targetHints":{"allow":["GET"]}}],"collection":[{"href":"https:\/\/alexiskaracostas.fr\/index.php?rest_route=\/wp\/v2\/pages"}],"about":[{"href":"https:\/\/alexiskaracostas.fr\/index.php?rest_route=\/wp\/v2\/types\/page"}],"author":[{"embeddable":true,"href":"https:\/\/alexiskaracostas.fr\/index.php?rest_route=\/wp\/v2\/users\/1"}],"replies":[{"embeddable":true,"href":"https:\/\/alexiskaracostas.fr\/index.php?rest_route=%2Fwp%2Fv2%2Fcomments&post=321"}],"version-history":[{"count":36,"href":"https:\/\/alexiskaracostas.fr\/index.php?rest_route=\/wp\/v2\/pages\/321\/revisions"}],"predecessor-version":[{"id":1326,"href":"https:\/\/alexiskaracostas.fr\/index.php?rest_route=\/wp\/v2\/pages\/321\/revisions\/1326"}],"wp:attachment":[{"href":"https:\/\/alexiskaracostas.fr\/index.php?rest_route=%2Fwp%2Fv2%2Fmedia&parent=321"}],"curies":[{"name":"wp","href":"https:\/\/api.w.org\/{rel}","templated":true}]}}