{"id":23,"date":"2018-03-18T21:22:31","date_gmt":"2018-03-18T20:22:31","guid":{"rendered":"http:\/\/alexiskaracostas.fr\/?page_id=23"},"modified":"2018-12-28T20:34:55","modified_gmt":"2018-12-28T19:34:55","slug":"biography","status":"publish","type":"page","link":"https:\/\/alexiskaracostas.fr\/?page_id=23&lang=en","title":{"rendered":"Alexis Karacostas&rsquo; Biographical Data"},"content":{"rendered":"\r\n<p>&nbsp;<\/p>\r\n\r\n\r\n\r\n<p>&nbsp;<\/p>\r\n\r\n\r\n\r\n<p>&nbsp;<\/p>\r\n\r\n\r\n\r\n<p>&nbsp;<\/p>\r\n\r\n\r\n\r\n<p>&nbsp;<\/p>\r\n\r\n<h2>\u00a0<\/h2>\r\n<h2 style=\"text-align: justify;\"><span style=\"color: #000000;\">Alexis Karacostas is a psychiatrist and an honorary hospital practitioner. He coordinated the activities of the Information and Care Unit for Deaf people at the Hospital Piti\u00e9-Salp\u00eatri\u00e8re in Paris, one of the eighteen public units presently operating in France. He was also the referring physician of the CRESAM (National Resource Center for Rare Disability on DeafBlindness). Former president of the association GESTES (Specialized Study Group on Therapy and Deafness), he also chaired the ESMHD (European Society of Mental Health and Deafness) from 2000 to 2006. He has co-organized various events in the field of Deaf culture, history and health issues such as the exhibition \u201c<em>the Power of Signs<\/em>\u201d (Paris, 1989), the Third ESMHD Congress \u201c<em>Deafness and Well-being<\/em>\u201d (Paris, 1994), the symposium \u201c<em>Deaf People and Health \u2013 Mediation in all its aspects<\/em>\u201d (Paris, 2015). He was the director of the French review \u201cS<em>urdit\u00e9s<\/em>\u201d (1999 \u2013 2006) and, from 2005 to 2017, co-organized the EHESS research seminar \u201c<em>Deafness and Sign Language : political, philosophical and sociolinguistic analyzers<\/em>\u201d in Paris.<\/span><\/h2>\r\n<h2 style=\"text-align: right;\"><span style=\"color: #000000;\">(December 2018)<\/span><\/h2>\r\n<h2>\u00a0<\/h2>\r\n<h2>\u00a0<\/h2>\r\n<h2 style=\"text-align: justify;\"><span style=\"color: #000000;\">Interview by Surdinord, 1995<\/span><\/h2>\r\n<p>&nbsp;<\/p>\r\n<h2 style=\"text-align: justify;\"><span style=\"color: #000000;\">Surdinord: <em>Who are you, Dr. Alexis Karacostas?<\/em><\/span><\/h2>\r\n<h2 style=\"text-align: justify;\">\u00a0<\/h2>\r\n<h2 style=\"text-align: justify;\"><span style=\"color: #000000;\">I was born in Paris, I am 43 years old, I am French and Greek, I am a hearing person, I work as a psychiatrist as a part-time hospital practitioner at the psychiatric hospital of Antony, in the Hauts-de-Seine district. I am also working in a private practice in the 13th arrondissement of Paris and I participate once a week in the activities of CEBES (Centre d&rsquo;\u00c9ducation Bilingue pr\u00e9coce pour Enfants Sourds), place de la R\u00e9publique in Paris. Finally, for almost two years, I have been president of the association \u00ab\u00a0GESTES\u00a0\u00bb (Groupe d&rsquo;\u00c9tudes Sp\u00e9cialis\u00e9 \u00ab\u00a0Th\u00e9rapies et Surdit\u00e9s\u00a0\u00bb).<\/span><\/h2>\r\n<h2 style=\"text-align: justify;\">\u00a0<\/h2>\r\n<h2 style=\"text-align: justify;\"><span style=\"color: #000000;\">Surdinord: What was your training?<\/span><\/h2>\r\n<h2 style=\"text-align: justify;\">\u00a0<\/h2>\r\n<h2 style=\"text-align: justify;\"><span style=\"color: #000000;\">AK: A completely classical training: after my medical studies, I specialized in psychiatry and got the position of resident doctor of the psychiatric hospitals, to arrive at the current situation where I divide my time between a private activity and the public service, two different forms of exercise but all in all quite complementary. What is less traditional and which marked my studies in medicine and psychiatry, is that I started them just after May 1968, at a time when the challenge of psychiatry was the main theme of social mobilization: the defense of patients&rsquo; rights, the fight against the sad asylar reality, the development of care outside the hospital walls were discussed daily in hospitals, in the media, in demonstrations and conferences, in the theatres, in the cinemas or in books. The philosopher Michel Foucault and the Italian movement initiated by Franco Basaglia and his team, to name but a few, had made a major contribution to making mental health an issue of social protest and transformation. It took me a long and painful reflection, I had to look for my marks for a long time, before deciding to engage in psychiatry without falling into \u00ab\u00a0cop-iatry\u00a0\u00bb as it was denounced at the time&#8230; It was an exciting movement that confronted me from the outset with the issues of deviance, marginality and exclusion.<\/span><\/h2>\r\n<h2 style=\"text-align: justify;\">\u00a0<\/h2>\r\n<h2 style=\"text-align: justify;\"><span style=\"color: #000000;\">Surdinord: <em>What led you to become interested in the problems of Deaf people in psychiatry?<\/em><\/span><\/h2>\r\n<h2 style=\"text-align: justify;\"><span style=\"color: #000000;\">AK: Things were done in several stages. At first, the history of psychiatry enthusiast that I was (for the reasons I have just explained) had to write a medical thesis, and pure chance made me choose to trace the extraordinary history of the first ten years of the Institut national de jeunes sourds de Paris at the time of the French Revolution. I was thus led to discover the immense richness of the historical and artistic heritage of this institute. Shortly after defending my thesis, in 1982 I was hired at the same institute to work on the preservation and enhancement of archives&#8230; a very part-time activity (one day a week), but one that kept my mind moving by giving me the opportunity to do something other than care. The bicentenary of the French Revolution was already looming and I began to gradually move from the classification of dusty waste paper to the frequentation of living beings, Deaf persons in this case, with their way of life, their language, their associations, the joys and sorrows of their present situation. And so I came up with the idea of taking advantage of the bicentenary of the French Revolution to promote not only the history of the Institut national de jeunes sourds de Paris, but also that of the entire Deaf community. An adventure that lasted three and a half years, and which resulted in a fireworks display: the exhibition \u00ab\u00a0Le Pouvoir des Signes\u00a0\u00bb held at the Chapelle de la Sorbonne in Paris in December 1989 and January 1990, and the publication of the corresponding catalogue, the result of the fierce and enthusiastic collaboration of an ever-growing team of Deaf and hearing people. Meanwhile, I learned that the association \u00ab\u00a0GESTES\u00a0\u00bb was being created&#8230;<\/span><\/h2>\r\n<h2 style=\"text-align: justify;\"><em><span style=\"color: #000000;\">Surdinord: Why did you create the association \u00ab\u00a0GESTES\u00a0\u00bb and what are its aims?<\/span><\/em><\/h2>\r\n<h2 style=\"text-align: justify;\"><span style=\"color: #000000;\">AK: I am not a founding member of the association\u00a0\u00ab\u00a0GESTES\u00a0\u00bb, I was too busy, at the time of its creation, preparing the exhibition. But in the spring of 1990, I joined the members of the Board of Directors to start working with them. I have thus brought together two axes, initially separate from my professional activity. The association \u00ab\u00a0GESTES\u00a0\u00bb was born out of a general lack of knowledge of Deaf people\u2019 psychological suffering and the cruel lack of psychiatric care adapted to them. Mental health professionals were moved by this and decided to react. They then formulated some fundamental principles, an ethic of the action of any professional in the field of deafness: Deaf people must be considered as subjects in their own right; hearing people, however learned they may be, cannot speak on their behalf or in their place; to be appropriate, the diagnostic approach and care intervention cannot ignore the fact that there is a Deaf community using a language, sign language: visual-gestural communication and the way of life of Deaf people are thus essential data for any serious consideration of the psychological suffering of Deaf people. Finally, if deafness and psychological suffering are not, by nature, assimilable to each other (the Deaf person is not a patient simply because he or she is deaf, but he or she may present psychological suffering), then there is nothing to prevent (and even everything should contribute) Deaf people from having access to the professional status of carers and from collaborating, on an equal basis with their hearing partners, in mental health care.<\/span><\/h2>\r\n<h2 style=\"text-align: justify;\"><span style=\"color: #000000;\">Surdinord: <em>What are the actions carried out by the association\u00a0\u00ab\u00a0GESTES\u00a0\u00bb?<\/em><\/span><\/h2>\r\n<h2 style=\"text-align: justify;\">\u00a0<\/h2>\r\n<h2 style=\"text-align: justify;\"><span style=\"color: #000000;\">AK: For the past five years, GESTES has been organizing monthly conferences for all audiences on the theme of mental health and deafness. These conferences are recorded on video cassettes and can be rented as working documents by members. The association also organized a study day in 1989 and a training for Deaf professionals (with teaching and practical internships in institutions). It publishes a free quarterly newsletter, but for the time being reserved for members, with original articles and information. It has also started publishing conferences (the first volume was published in December 1994, two more volumes are expected to follow this year). It supports research by working groups of mental health professionals, and was very active in the cochlear implant focus group led by Dr. Jean Dagron, and co-signed the referral to the National Ethics Committee in 1994. Finally, since its creation, the association has been affiliated with the European Society for Mental Health and Deafness (ESMHD), which promotes and supports the initiatives of professionals from all European countries. This Society entrusted GESTES with the task of organizing its third international congress, which therefore took place in Paris last December at UNESCO, and which was a great success: more than<\/span> three hundred participants from twenty-three countries, including some fifty Deaf professionals, rich and varied communications, and, finally, the intervention of a representative of the Ministry of Health who recognized that discussions should begin for the development of care institutions adapted to Deaf people. A task we have already begun to tackle&#8230;.<\/h2>\r\n<h2 style=\"text-align: justify;\"><span style=\"color: #000000;\">Surdinord: <em>Are the leaders of \u00ab\u00a0GESTES\u00a0\u00bb Deaf and Hard of Hearing?<\/em><\/span><\/h2>","protected":false},"excerpt":{"rendered":"<p>&nbsp; &nbsp; &nbsp; &nbsp; &nbsp; \u00a0 Alexis Karacostas is a psychiatrist and an honorary hospital practitioner. He coordinated the activities of the Information and Care Unit for Deaf people at the Hospital Piti\u00e9-Salp\u00eatri\u00e8re in Paris, one of the eighteen public units presently operating in France. He was also the referring physician of the CRESAM (National [&hellip;]<\/p>\n","protected":false},"author":1,"featured_media":0,"parent":0,"menu_order":0,"comment_status":"closed","ping_status":"closed","template":"","meta":{"footnotes":""},"class_list":["post-23","page","type-page","status-publish","hentry"],"_links":{"self":[{"href":"https:\/\/alexiskaracostas.fr\/index.php?rest_route=\/wp\/v2\/pages\/23","targetHints":{"allow":["GET"]}}],"collection":[{"href":"https:\/\/alexiskaracostas.fr\/index.php?rest_route=\/wp\/v2\/pages"}],"about":[{"href":"https:\/\/alexiskaracostas.fr\/index.php?rest_route=\/wp\/v2\/types\/page"}],"author":[{"embeddable":true,"href":"https:\/\/alexiskaracostas.fr\/index.php?rest_route=\/wp\/v2\/users\/1"}],"replies":[{"embeddable":true,"href":"https:\/\/alexiskaracostas.fr\/index.php?rest_route=%2Fwp%2Fv2%2Fcomments&post=23"}],"version-history":[{"count":17,"href":"https:\/\/alexiskaracostas.fr\/index.php?rest_route=\/wp\/v2\/pages\/23\/revisions"}],"predecessor-version":[{"id":1180,"href":"https:\/\/alexiskaracostas.fr\/index.php?rest_route=\/wp\/v2\/pages\/23\/revisions\/1180"}],"wp:attachment":[{"href":"https:\/\/alexiskaracostas.fr\/index.php?rest_route=%2Fwp%2Fv2%2Fmedia&parent=23"}],"curies":[{"name":"wp","href":"https:\/\/api.w.org\/{rel}","templated":true}]}}